{"id":739,"date":"2021-06-08T11:18:35","date_gmt":"2021-06-08T09:18:35","guid":{"rendered":"https:\/\/pixelway.de\/projekt-zahnmedizin\/?page_id=739"},"modified":"2024-06-21T09:08:57","modified_gmt":"2024-06-21T07:08:57","slug":"job","status":"publish","type":"page","link":"https:\/\/pixelway.de\/projekt-zahnmedizin\/job\/","title":{"rendered":"JOB"},"content":{"rendered":"<p><strong>Unser Team sucht Dich !<\/strong><\/p>\n<p>&nbsp;<\/p>\n<p>Zahnmedizinische Fachangestellte (m\/w\/d) f\u00fcr die Stuhlassistenz in Voll-oder Teilzeit (20-39 STd.)<\/p>\n<p>&nbsp;<\/p>\n<p>und\/oder Zahnmedizinische Fachangestellte (m\/w\/d) f\u00fcr die Anmeldung\/Verwaltung in Voll-oder Teilzeit (20-39 Std.)<\/p>\n<p>&nbsp;<\/p>\n<p>Wir sind eine moderne, qualit\u00e4tsorientierte Zwei- Behandler Praxis mit eigenem Labor. Unsere Behandlungsschwerpunkte umfassen: Kons, Prothetik, Implantologie, Endodontie und Prophylaxe.<\/p>\n<p>&nbsp;<\/p>\n<p>Sie m\u00f6chten Ihren beruflichen Wirkungskreis ver\u00e4ndern? Dann entscheiden Sie sich jetzt daf\u00fcr, Teil unseres starken Teams zu werden! Gerne auch als Wiedereinsteiger (m\/w\/d).<\/p>\n<p>&nbsp;<\/p>\n<p>Ihre Aufgaben:<\/p>\n<p>&#8211; Patientenannahme<\/p>\n<p>&#8211; Instrumentenaufbereitung<\/p>\n<p>&#8211; Karteikarteneing\u00e4nge \u00fcber erbrachte Leistungen<\/p>\n<p>&#8211; gewissenhafte Erledigung aller weiteren anfallenden Praxisarbeiten<\/p>\n<p>&nbsp;<\/p>\n<p>Ihr Profil:<\/p>\n<p>&#8211; Deutschkenntnisse in Wort und Schrift<\/p>\n<p>&#8211; Grundkenntisse im Abrechnungswesen<\/p>\n<p>&#8211; Grundkenntnisse der Individualprophylaxe<\/p>\n<p>&#8211; schnelle Auffassungsgabe<\/p>\n<p>&#8211; abgeschlossene Berufsausbildung zur Zahnmedizinischen Fachgestellten (m\/w\/d)<\/p>\n<p>&#8211; R\u00f6ntgenschein<\/p>\n<p>&#8211; eigenst\u00e4ndiges Arbeiten<\/p>\n<p>&#8211; Freundlichkeit, Zuverl\u00e4ssigkeit, P\u00fcnktlichkeit<\/p>\n<p>&#8211; Bereitschaft zum Praxisnotdienst<\/p>\n<p>&nbsp;<\/p>\n<p>Wir Bieten:<\/p>\n<p>&#8211; geregelte Arbeitszeiten<\/p>\n<p>&#8211; tarifliche Bezahlung<\/p>\n<p>&#8211; sympathisches, professionelles Team<\/p>\n<p>&#8211; flexible Urlaubsplanung<\/p>\n<p>&#8211; regelm\u00e4\u00dfige Teambesprechungen<\/p>\n<p>&#8211; regelm\u00e4\u00dfige Teamaktivit\u00e4ten (St\u00e4dtetrips usw.)<\/p>\n<p>&nbsp;<\/p>\n<p>Wir haben Ihr Interesse geweckt?<\/p>\n<p>Dann melden Sie sich bei uns, wir freuen uns auf Ihre Bewerbung<\/p>\n<p>&nbsp;<\/p>\n<p>Bewerbungen bitte an:<\/p>\n<p>J\u00fcrgen Raschdorf &amp; Uwe H\u00fclsen<\/p>\n<p>Am Sportplatz 149, 27257 Sudwalde<\/p>\n<p>oder per E-Mail an:<\/p>\n<p>Praxis@pixelway.de<\/p>\n<p>&nbsp;<\/p>\n<p>&nbsp;<\/p>\n<p>&nbsp;<\/p>\n<p>&nbsp;<\/p>\n<p>&nbsp;<\/p>\n","protected":false},"excerpt":{"rendered":"<p>Unser Team sucht Dich ! &nbsp; Zahnmedizinische Fachangestellte (m\/w\/d) f\u00fcr die Stuhlassistenz in Voll-oder Teilzeit (20-39 STd.) &nbsp; und\/oder Zahnmedizinische Fachangestellte (m\/w\/d) f\u00fcr die Anmeldung\/Verwaltung in<span class=\"excerpt-hellip\"> [\u2026]<\/span><\/p>\n","protected":false},"author":1,"featured_media":0,"parent":0,"menu_order":0,"comment_status":"closed","ping_status":"closed","template":"","meta":{"footnotes":""},"class_list":["post-739","page","type-page","status-publish","hentry"],"_links":{"self":[{"href":"https:\/\/pixelway.de\/projekt-zahnmedizin\/wp-json\/wp\/v2\/pages\/739","targetHints":{"allow":["GET"]}}],"collection":[{"href":"https:\/\/pixelway.de\/projekt-zahnmedizin\/wp-json\/wp\/v2\/pages"}],"about":[{"href":"https:\/\/pixelway.de\/projekt-zahnmedizin\/wp-json\/wp\/v2\/types\/page"}],"author":[{"embeddable":true,"href":"https:\/\/pixelway.de\/projekt-zahnmedizin\/wp-json\/wp\/v2\/users\/1"}],"replies":[{"embeddable":true,"href":"https:\/\/pixelway.de\/projekt-zahnmedizin\/wp-json\/wp\/v2\/comments?post=739"}],"version-history":[{"count":24,"href":"https:\/\/pixelway.de\/projekt-zahnmedizin\/wp-json\/wp\/v2\/pages\/739\/revisions"}],"predecessor-version":[{"id":919,"href":"https:\/\/pixelway.de\/projekt-zahnmedizin\/wp-json\/wp\/v2\/pages\/739\/revisions\/919"}],"wp:attachment":[{"href":"https:\/\/pixelway.de\/projekt-zahnmedizin\/wp-json\/wp\/v2\/media?parent=739"}],"curies":[{"name":"wp","href":"https:\/\/api.w.org\/{rel}","templated":true}]}}