{"id":715,"date":"2021-06-08T10:22:08","date_gmt":"2021-06-08T08:22:08","guid":{"rendered":"https:\/\/pixelway.de\/projekt-zahnmedizin\/?page_id=715"},"modified":"2024-03-05T12:31:07","modified_gmt":"2024-03-05T11:31:07","slug":"datenschutz","status":"publish","type":"page","link":"https:\/\/pixelway.de\/projekt-zahnmedizin\/datenschutz\/","title":{"rendered":"Datenschutz"},"content":{"rendered":"<h3>Praxis f\u00fcr Zahnheilkunde \u2013 Gemeinschaftspraxis<br \/>\nJ\u00fcrgen Raschdorf und Uwe H\u00fclsen GbR<\/h3>\n<h4 class=\"animate-in-left\"><span class=\"stoererbalken\">Verantwortlicher:<\/span><\/h4>\n<p class=\"animate-in-left\">Name und Kontaktdaten des f\u00fcr die Verarbeitung Verantwortlichen sowie des betrieblichen Datenschutzbeauftragten in unserer Praxis.<\/p>\n<div class=\"row\">\n<div class=\"col-sm-9\">\n<h4 class=\"animate-in-left\">Die folgende Datenschutz-Information gilt f\u00fcr die Datenverarbeitung durch:<\/h4>\n<p><strong>Praxisinhaber:\u00a0<\/strong>J\u00fcrgen Raschdorf, Uwe H\u00fclsen<\/p>\n<address>\n<p class=\"animate-in-left\">Praxis f\u00fcr Zahnheilkunde &#8211; J\u00fcrgen Raschdorf und Uwe H\u00fclsen<br \/>\nAm Sportplatz 149<br \/>\n27257 Sudwalde<br \/>\nDeutschland<\/p>\n<\/address>\n<p><span class=\"space-kontakt\">Telefon:<\/span>+49 (0)4247 &#8211; 257<br \/>\n<span class=\"space-kontakt\">Fax:<\/span>+49 (0)4247- 1542<br \/>\n<span class=\"space-kontakt\">Email:<\/span> <a href=\"https:\/\/pixelway.de\/projekt-zahnmedizin\/kontakt\/\">praxis[at]raschdorf-online.de<\/a><\/p>\n<p>Der <strong>betriebliche Datenschutzbeauftragte<\/strong> unserer Praxis ist <strong>Herr J\u00f6rg Scheller<\/strong><strong>, <\/strong>c\/o OPTI health consulting GmbH, Eckernf\u00f6rder Str. 42, 24398 Karby<strong>.<\/strong><\/p>\n<p>&nbsp;<\/p>\n<h4><span class=\"stoererbalken\">Personenbezogene Daten:<\/span><\/h4>\n<h4 class=\"animate-in-left\">Unsere Erhebung und Speicherung personenbezogener Daten sowie Art und Zweck von deren Verwendung<\/h4>\n<p>Personenbezogene Daten sind Einzelangaben \u00fcber pers\u00f6nliche oder sachliche Verh\u00e4ltnisse einer bestimmten oder bestimmbaren nat\u00fcrlichen Person.<br \/>\nIm Folgenden teilen wir Ihnen mit, ob und wann Daten und personenbezogene Daten von Ihnen erhoben werden:<\/p>\n<p>&nbsp;<\/p>\n<h4><span class=\"stoererbalken\">Beim Besuch unserer Website:<\/span><\/h4>\n<p>Beim Aufrufen unserer Website <a title=\"\" href=\"https:\/\/pixelway.de\/projekt-zahnmedizin\/\" target=\"_blank\" rel=\"noopener noreferrer\">www.raschdorf-online.de<\/a> werden durch den auf Ihrem Endger\u00e4t zum Einsatz kommenden Browser automatisch Informationen an den Server unserer Website gesendet. Diese Informationen werden tempor\u00e4r in einem sog. Logfile gespeichert. Ihre IP-Adresse des anfragenden Rechners wird durch uns grunds\u00e4tzlich nicht vollst\u00e4ndig erhoben oder gespeichert. Eine Erhebung\/Speicherung erfolgt lediglich in gek\u00fcrzter und somit anonymisierter Form, so dass die IP-Adresse datenschutzrechtlich kein personenbezogenes Datum mehr darstellt.<\/p>\n<p>Folgende Informationen werden dabei ohne Ihr Zutun erfasst und bis zur automatisierten L\u00f6schung gespeichert:<\/p>\n<ul>\n<li>Datum und Uhrzeit des Zugriffs,<\/li>\n<li>Name und URL der abgerufenen Datei,<\/li>\n<li>Website, von der aus der Zugriff erfolgt (Referrer-URL),<\/li>\n<li>verwendeter Browser und ggf. das Betriebssystem Ihres Rechners sowie der Name Ihres Access-Providers.<\/li>\n<\/ul>\n<p>Die oben genannten Daten werden durch uns zu folgenden Zwecken verarbeitet:<\/p>\n<ul>\n<li>Gew\u00e4hrleistung eines reibungslosen Verbindungsaufbaus der Website,<\/li>\n<li>Gew\u00e4hrleistung einer komfortablen Nutzung unserer Website,<\/li>\n<li>Auswertung der Systemsicherheit und -stabilit\u00e4t<\/li>\n<li>sowie zu weiteren administrativen Zwecken.<\/li>\n<\/ul>\n<p>Die Rechtsgrundlage f\u00fcr unsere Datenverarbeitung ist Art. 6 Abs. 1 S. 1 lit. f DSGVO. Unser berechtigtes Interesse folgt aus oben aufgelisteten Zwecken zur Datenerhebung.<\/p>\n<p>In keinem Fall verwenden wir die erhobenen Daten zu dem Zweck, R\u00fcckschl\u00fcsse auf Ihre Person zu ziehen.<\/p>\n<p>Dar\u00fcber hinaus setzen wir beim Besuch unserer Website Cookies sowie Analysedienste ein. N\u00e4here Erl\u00e4uterungen dazu erhalten Sie unter \u00bb Cookies \u00ab in unserer Datenschutzerkl\u00e4rung.<\/p>\n<p>&nbsp;<\/p>\n<h4><span class=\"stoererbalken\">Bei Nutzung unseres Kontaktformulars:<\/span><\/h4>\n<p>Bei Fragen jeglicher Art bieten wir Ihnen die M\u00f6glichkeit, mit uns \u00fcber ein auf der Website bereitgestelltes Formular Kontakt aufzunehmen. Dabei ist die Angabe einer g\u00fcltigen Email-Adresse sowie Ihres Namens erforderlich, damit wir wissen, von wem die Anfrage stammt und um diese beantworten zu k\u00f6nnen.<\/p>\n<p>Die Datenverarbeitung zum Zwecke der Kontaktaufnahme mit uns erfolgt nach Art. 6 Abs. 1 S. 1 lit. a DSGVO auf Grundlage Ihrer freiwillig erteilten Einwilligung.<\/p>\n<p>Die f\u00fcr die Benutzung des Kontaktformulars von uns erhobenen personenbezogenen Daten werden nach Erledigung der von Ihnen gestellten Anfrage automatisch gel\u00f6scht, es sei denn, dass Sie uns f\u00fcr die weitere Verarbeitung eine ausdr\u00fcckliche Einwilligung gegeben haben.<\/p>\n<p>&nbsp;<\/p>\n<h4><span class=\"stoererbalken\">Weitergabe von Daten:<\/span><\/h4>\n<p>Eine \u00dcbermittlung Ihrer pers\u00f6nlichen Daten an Dritte zu anderen als den im Folgenden aufgef\u00fchrten Zwecken findet nicht statt.<\/p>\n<p><strong>Wir geben Ihre pers\u00f6nlichen Daten nur an Dritte weiter, wenn:<\/strong><\/p>\n<ul>\n<li>Sie Ihre nach Art. 6 Abs. 1 S. 1 lit. a DSGVO ausdr\u00fcckliche Einwilligung dazu erteilt haben,<\/li>\n<li>die Weitergabe nach Art. 6 Abs. 1 S. 1 lit. f DSGVO zur Geltendmachung, Aus\u00fcbung oder Verteidigung von Rechtsanspr\u00fcchen erforderlich ist und kein Grund zur Annahme besteht, dass Sie ein \u00fcberwiegendes schutzw\u00fcrdiges Interesse an der Nichtweitergabe Ihrer Daten haben,<\/li>\n<li>f\u00fcr den Fall, dass f\u00fcr die Weitergabe nach Art. 6 Abs. 1 S. 1 lit. c DSGVO eine gesetzliche Verpflichtung besteht, sowie<\/li>\n<li>dies gesetzlich zul\u00e4ssig und nach Art. 6 Abs. 1 S. 1 lit. b DSGVO f\u00fcr die Abwicklung von Vertragsverh\u00e4ltnissen mit Ihnen erforderlich ist.<\/li>\n<\/ul>\n<p>&nbsp;<\/p>\n<h4><span class=\"stoererbalken\">Stellenangebote:<\/span><\/h4>\n<p><strong>Bewerbung<\/strong><\/p>\n<p>\u00dcber unsere Seite machen wir auf unsere aktuellen Stellenangebote aufmerksam und bieten Ihnen die M\u00f6glichkeit, sich per Post oder per Mail an uns zu wenden. Senden Sie uns Ihre Bewerbungsunterlagen auf diesen Wegen zu, verarbeiten wir zwangsnotwendig die personenbezogenen Daten. Hierzu z\u00e4hlen insbesondere Ihre pers\u00f6nlichen Daten mit Kontaktinformationen sowie eine Beschreibung Ihrer Ausbildung, Arbeitserfahrung und F\u00e4higkeiten. Dar\u00fcber hinaus haben Sie die M\u00f6glichkeit, uns elektronisch gespeicherte Dokumente wie Zeugnisse oder Anschreiben zu \u00fcberlassen. Wir ben\u00f6tigen von Ihnen keine Informationen, die nach dem Allgemeinen Gleichbehandlungsgesetz nicht verwertbar sind (Rasse, ethnischer Herkunft, Geschlecht, Religion oder Weltanschauung, Behinderung, Alter oder sexueller Identit\u00e4t). Angaben zu Krankheiten, Schwangerschaft, ethnischer Herkunft, politischen Anschauungen, philosophischen oder religi\u00f6sen \u00dcberzeugungen, Mitgliedschaft in einer Gewerkschaft, k\u00f6rperlicher oder geistiger Gesundheit oder Sexualleben bitten wir ebenfalls nicht zu \u00fcbermitteln. Dasselbe gilt f\u00fcr Inhalte, die geeignet sind, Rechte Dritter zu verletzen (z.B. Urheberrechte, Presserecht oder allgemeine Rechte Dritter). Ihre uns so \u00fcbermittelten personenbezogenen Daten werden nur zu Zwecken erhoben, gespeichert, verarbeitet und genutzt, die im Zusammenhang mit Ihrem Interesse an einer aktuellen oder zuk\u00fcnftigen Besch\u00e4ftigung bei einem unserer Stellenausschreibungen und der Bearbeitung Ihrer Bewerbung stehen. Eine Weitergabe an andere Dritte erfolgt nicht. Ihre Kontaktdaten dienen grunds\u00e4tzlich der Kontaktaufnahme zu Ihrer Bewerbung. Ist Ihre Bewerbung erfolgreich, k\u00f6nnen die angegebenen Daten f\u00fcr verwaltungstechnische Angelegenheiten im Rahmen der Besch\u00e4ftigung durch uns verwendet werden.<\/p>\n<p>Ihre Bewerbung wird ausschlie\u00dflich von den relevanten Ansprechpartnern bei uns bearbeitet und zur Kenntnis genommen. Alle mit der Datenverarbeitung betrauten Mitarbeiter sind verpflichtet, die Vertraulichkeit Ihrer Daten zu wahren. Andere Dritte, als die von Ihnen Bestimmten, erhalten von Ihren Angaben unter keinen Umst\u00e4nden Kenntnis. Die Verarbeitung der Daten findet, soweit nicht anders notwendig und vorher mit Ihnen kommuniziert und erlaubt, ausschlie\u00dflich in Deutschland statt. Die Verarbeitung Ihrer Daten im Rahmen Ihrer Bewerbung fu\u00dft auf die Bestimmungen der Art. 6 I a, b und f DSGVO. Ist Ihre Bewerbung nicht erfolgreich werden wir Ihre Daten, soweit wir gesetzlich zur Vorhaltung arbeitsrechtlicher Unterlagen nicht verpflichtet sind, l\u00f6schen.<\/p>\n<p>&nbsp;<\/p>\n<h4><span class=\"stoererbalken\">Cookies:<\/span><\/h4>\n<p>Wir setzen auf unserer Seite Cookies ein. Hierbei handelt es sich um kleine Dateien, die Ihr Browser automatisch erstellt und die auf Ihrem Endger\u00e4t (Laptop, Tablet, Smartphone o.\u00e4.) gespeichert werden, wenn Sie unsere Seite besuchen. Cookies richten auf Ihrem Endger\u00e4t keinen Schaden an, enthalten keine Viren, Trojaner oder sonstige Schadsoftware.<\/p>\n<p>In dem Cookie werden Informationen abgelegt, die sich jeweils im Zusammenhang mit dem spezifisch eingesetzten Endger\u00e4t ergeben. Dies bedeutet jedoch nicht, dass wir dadurch unmittelbar Kenntnis von Ihrer Identit\u00e4t erhalten. Der Einsatz von Cookies dient einerseits dazu, die Nutzung unseres Angebots f\u00fcr Sie angenehmer zu gestalten. So setzen wir sogenannte Session-Cookies ein, um zu erkennen, dass Sie einzelne Seiten unserer Website bereits besucht haben. Diese werden nach Verlassen unserer Seite automatisch gel\u00f6scht.<\/p>\n<p>Dar\u00fcber hinaus setzen wir ebenfalls zur Optimierung der Benutzerfreundlichkeit tempor\u00e4re Cookies ein, die f\u00fcr einen bestimmten festgelegten Zeitraum auf Ihrem Endger\u00e4t gespeichert werden. Besuchen Sie unsere Seite erneut, um unsere Dienste in Anspruch zu nehmen, wird automatisch erkannt, dass Sie bereits bei uns waren und welche Eingaben und Einstellungen sie get\u00e4tigt haben, um diese nicht noch einmal eingeben zu m\u00fcssen.<\/p>\n<p>Zum anderen setzten wir Cookies ein, um die Nutzung unserer Website statistisch zu erfassen und zum Zwecke der Optimierung unseres Angebotes f\u00fcr Sie auszuwerten. Diese Cookies erm\u00f6glichen es uns, bei einem erneuten Besuch unserer Seite automatisch zu erkennen, dass Sie bereits bei uns waren. Diese Cookies werden nach einer jeweils definierten Zeit automatisch gel\u00f6scht.<\/p>\n<p>Die durch Cookies verarbeiteten Daten sind f\u00fcr die genannten Zwecke zur Wahrung unserer berechtigten Interessen sowie der Dritter nach Art. 6 Abs. 1 S. 1 lit. f DSGVO erforderlich.<\/p>\n<p>Die meisten Browser akzeptieren Cookies automatisch.<\/p>\n<p>Sie k\u00f6nnen Ihren Browser jedoch so konfigurieren, dass keine Cookies auf Ihrem Computer gespeichert werden oder stets ein Hinweis erscheint, bevor ein neuer Cookie angelegt wird. Die vollst\u00e4ndige Deaktivierung von Cookies kann jedoch dazu f\u00fchren, dass Sie nicht alle Funktionen unserer Website nutzen k\u00f6nnen.<\/p>\n<p>&nbsp;<\/p>\n<h4><span class=\"stoererbalken\">Einsatz von Google-Webfonts<\/span><\/h4>\n<p>Auf unserer Internetseite werden externe Schriften, Google Fonts verwendet. Google Fonts ist ein Dienst der Google Inc. (\u201eGoogle\u201c). Die Einbindung dieser Web Fonts erfolgt durch einen Serveraufruf, in der Regel ein Server von Google in den USA.<\/p>\n<p>Hierdurch wird an den Server \u00fcbermittelt, welche unserer Internetseiten Sie besucht haben. Auch wird die IP-Adresse des Browsers des Endger\u00e4tes des Besuchers dieser Internetseiten von Google gespeichert.<\/p>\n<p>N\u00e4here Informationen finden Sie in den Datenschutzhinweisen von Google, die Sie hier abrufen k\u00f6nnen:<\/p>\n<p><a title=\"Google fonts\" href=\"https:\/\/fonts.google.com\/#AboutPlace:about\" target=\"_blank\" rel=\"noopener noreferrer\">Google fonts about<\/a><br \/>\n<a title=\"Google fonts privacy\" href=\"https:\/\/policies.google.com\/privacy?hl=de\" target=\"_blank\" rel=\"noopener noreferrer\">Google fonts privacy<\/a><\/p>\n<p>&nbsp;<\/p>\n<h4><span class=\"stoererbalken\">Einsatz von Google-Maps:<\/span><\/h4>\n<p>Wir setzen auf unserer Seite die Komponente \u201eGoogle Maps\u201c der Firma Google Inc., 1600 Amphitheatre Parkway, Mountain View, CA 94043 USA, nachfolgend \u201eGoogle\u201c, ein.<\/p>\n<p>Bei jedem einzelnen Aufruf der Komponente \u201eGoogle Maps\u201c wird von Google ein Cookie gesetzt, um bei der Anzeige der Seite, auf der die Komponente \u201eGoogle Maps\u201c integriert ist, Nutzereinstellungen und -daten zu verarbeiten. Dieses Cookie wird im Regelfall nicht durch das Schlie\u00dfen des Browsers gel\u00f6scht, sondern l\u00e4uft nach einer bestimmten Zeit ab, soweit es nicht von Ihnen zuvor manuell gel\u00f6scht wird.<\/p>\n<p>Wenn Sie mit dieser Verarbeitung Ihrer Daten nicht einverstanden sind, so besteht die M\u00f6glichkeit, den Service von \u201eGoogle Maps\u201c zu deaktivieren und auf diesem Weg die \u00dcbertragung von Daten an Google zu verhindern. Dazu m\u00fcssen Sie die Java-Script-Funktion in Ihrem Browser deaktivieren. Wir weisen Sie jedoch darauf hin, dass Sie in diesem Fall die \u201eGoogle Maps\u201c nicht oder nur eingeschr\u00e4nkt nutzen k\u00f6nnen.<\/p>\n<p>Die Nutzung von \u201eGoogle Maps\u201c und der \u00fcber \u201eGoogle Maps\u201c erlangten Informationen erfolgt gem\u00e4\u00df den <a title=\"Google-Nutzungsbedingungen\" href=\"http:\/\/www.google.de\/intl\/de\/policies\/terms\/regional.html\" target=\"_blank\" rel=\"noopener noreferrer\">Google-Nutzungsbedingungen<\/a> sowie der zus\u00e4tzlichen <a title=\"Gesch\u00e4ftsbedingungen\" href=\"https:\/\/www.google.com\/intl\/de_de\/help\/terms_maps.html\" target=\"_blank\" rel=\"noopener noreferrer\">Gesch\u00e4ftsbedingungen<\/a> f\u00fcr \u201eGoogle Maps\u201c.<\/p>\n<p>&nbsp;<\/p>\n<h4><span class=\"stoererbalken\">Betroffenenrechte:<\/span><\/h4>\n<p><strong>Sie haben das Recht:<\/strong><\/p>\n<ul>\n<li>gem\u00e4\u00df Art. 15 DSGVO Auskunft \u00fcber Ihre von uns verarbeiteten personenbezogenen Daten zu verlangen. Insbesondere<br \/>\nk\u00f6nnen Sie Auskunft \u00fcber die Verarbeitungszwecke, die Kategorie der personenbezogenen Daten, die Kategorien von<br \/>\nEmpf\u00e4ngern, gegen\u00fcber denen Ihre Daten offengelegt wurden oder werden, die geplante Speicherdauer, das Bestehen<br \/>\neines Rechts auf Berichtigung, L\u00f6schung, Einschr\u00e4nkung der Verarbeitung oder Widerspruch, das Bestehen eines<br \/>\nBeschwerderechts, die Herkunft ihrer Daten, sofern diese nicht bei uns erhoben wurden, sowie \u00fcber das Bestehen<br \/>\neiner automatisierten Entscheidungsfindung einschlie\u00dflich Profiling und ggf. aussagekr\u00e4ftigen Informationen zu<br \/>\nderen Einzelheiten verlangen;<\/li>\n<li>gem\u00e4\u00df Art. 16 DSGVO unverz\u00fcglich die Berichtigung unrichtiger oder Vervollst\u00e4ndigung Ihrer bei uns gespeicherten<br \/>\npersonenbezogenen Daten zu verlangen;<\/li>\n<li>gem\u00e4\u00df Art. 17 DSGVO die L\u00f6schung Ihrer bei uns gespeicherten personenbezogenen Daten zu verlangen, soweit nicht<br \/>\ndie Verarbeitung zur Aus\u00fcbung des Rechts auf freie Meinungs\u00e4u\u00dferung und Information, zur Erf\u00fcllung einer rechtlichen<br \/>\nVerpflichtung, aus Gr\u00fcnden des \u00f6ffentlichen Interesses oder zur Geltendmachung, Aus\u00fcbung oder Verteidigung von<br \/>\nRechtsanspr\u00fcchen erforderlich ist;<\/li>\n<li>gem\u00e4\u00df Art. 18 DSGVO die Einschr\u00e4nkung der Verarbeitung Ihrer personenbezogenen Daten zu verlangen, soweit die<br \/>\nRichtigkeit der Daten von Ihnen bestritten wird, die Verarbeitung unrechtm\u00e4\u00dfig ist, Sie aber deren L\u00f6schung<br \/>\nablehnen und wir die Daten nicht mehr ben\u00f6tigen, Sie jedoch diese zur Geltendmachung, Aus\u00fcbung oder Verteidigung<br \/>\nvon Rechtsanspr\u00fcchen ben\u00f6tigen oder Sie gem\u00e4\u00df Art. 21 DSGVO Widerspruch gegen die Verarbeitung eingelegt haben;<\/li>\n<li>gem\u00e4\u00df Art. 20 DSGVO Ihre personenbezogenen Daten, die Sie uns bereitgestellt haben, in einem strukturierten,<br \/>\ng\u00e4ngigen und maschinenlesebaren Format zu erhalten oder die \u00dcbermittlung an einen anderen Verantwortlichen zu verlangen;<\/li>\n<li>gem\u00e4\u00df Art. 7 Abs. 3 DSGVO Ihre einmal erteilte Einwilligung jederzeit gegen\u00fcber uns zu widerrufen. Dies hat zur<br \/>\nFolge, dass wir die Datenverarbeitung, die auf dieser Einwilligung beruhte, f\u00fcr die Zukunft nicht mehr fortf\u00fchren d\u00fcrfen und<\/li>\n<li>gem\u00e4\u00df Art. 77 DSGVO sich bei einer Aufsichtsbeh\u00f6rde zu beschweren. In der Regel k\u00f6nnen Sie sich hierf\u00fcr an die<br \/>\nAufsichtsbeh\u00f6rde Ihres \u00fcblichen Aufenthaltsortes oder Arbeitsplatzes oder unseres Praxissitzes wenden.<\/li>\n<\/ul>\n<p>&nbsp;<\/p>\n<p><strong>Zust\u00e4ndige Beh\u00f6rde<\/strong><\/p>\n<p>Zust\u00e4ndig f\u00fcr die \u00dcberwachung der Einhaltung der DSGVO sind in Deutschland die Landesbeauftragten f\u00fcr Datenschutz, sowie die <a title=\"Bundesbeauftragte\" href=\"https:\/\/www.bfdi.bund.de\/DE\/Home\/home_node.html\" target=\"_blank\" rel=\"noopener noreferrer\">Bundesbeauftragte<\/a> f\u00fcr den Datenschutz und die Informationsfreiheit.<\/p>\n<p><strong>F\u00fcr Niedersachsen zust\u00e4ndig ist:<\/strong><\/p>\n<p>Die Landesbeauftragte f\u00fcr den Datenschutz Niedersachsen<br \/>\nBarbara Thiel<br \/>\nPrinzenstra\u00dfe 5<br \/>\n30159 Hannover<br \/>\nTel.: 0511 1204500<br \/>\n<a title=\"www.lfd.niedersachsen.de\" href=\"http:\/\/www.lfd.niedersachsen.de\/\" target=\"_blank\" rel=\"noopener noreferrer\">www.lfd.niedersachsen.de<\/a><\/p>\n<\/div>\n<h4 class=\"col-sm-9\"><span class=\"stoererbalken\">Widerspruchsrecht:<\/span><\/h4>\n<div class=\"col-sm-9\">\n<p>Sofern Ihre personenbezogenen Daten auf Grundlage von berechtigten Interessen gem\u00e4\u00df Art. 6 Abs. 1 S. 1 lit. f DSGVO verarbeitet werden, haben Sie das Recht, gem\u00e4\u00df Art. 21 DSGVO Widerspruch gegen die Verarbeitung Ihrer personenbezogenen Daten einzulegen, soweit daf\u00fcr Gr\u00fcnde vorliegen, die sich aus Ihrer besonderen Situation ergeben oder sich der Widerspruch gegen Direktwerbung richtet. Im letzteren Fall haben Sie ein generelles Widerspruchsrecht, das ohne Angabe einer besonderen Situation von uns umgesetzt wird.M\u00f6chten Sie von Ihrem Widerrufs- oder Widerspruchsrecht Gebrauch machen, gen\u00fcgt eine E-Mail an praxis@pixelway.de.<\/p>\n<p>&nbsp;<\/p>\n<h4>D<span class=\"stoererbalken\">atensicherheit:<\/span><\/h4>\n<p>Wir verwenden innerhalb des Website-Besuchs das verbreitete SSL-Verfahren (Secure Socket Layer) in Verbindung mit der jeweils h\u00f6chsten Verschl\u00fcsselungsstufe, die von Ihrem Browser unterst\u00fctzt wird. In der Regel handelt es sich dabei um eine 256 Bit Verschl\u00fcsselung. Falls Ihr Browser keine 256-Bit Verschl\u00fcsselung unterst\u00fctzt, greifen wir stattdessen auf 128-Bit v3 Technologie zur\u00fcck. Ob eine einzelne Seite unseres Internetauftrittes verschl\u00fcsselt \u00fcbertragen wird, erkennen Sie an der geschlossenen Darstellung des Sch\u00fcssel- beziehungsweise Schloss-Symbols in der unteren Statusleiste Ihres Browsers.<\/p>\n<p>Wir bedienen uns im \u00dcbrigen geeigneter technischer und organisatorischer Sicherheitsma\u00dfnahmen, um Ihre Daten gegen zuf\u00e4llige oder vors\u00e4tzliche Manipulationen, teilweisen oder vollst\u00e4ndigen Verlust, Zerst\u00f6rung oder gegen den unbefugten Zugriff Dritter zu sch\u00fctzen.<\/p>\n<p>Wir haben Sicherheitsstandards implementiert, um Ihre uns bereitgestellten personenbezogenen Informationen durch branchen\u00fcbliche Standards und Technologien zu sch\u00fctzen. Wir \u00fcberpr\u00fcfen regelm\u00e4\u00dfig unser System hinsichtlich potenzieller Schwachstellen und Angriffe und nutzen dabei ein auf Systemebene zugriffsgesch\u00fctztes Datenzentrum, um die von Ihnen auf unseren Servern gespeicherten Daten zu sch\u00fctzen.<\/p>\n<p>Da das Internet allerdings keine hundertprozentig sichere Umgebung ist, k\u00f6nnen wir f\u00fcr die Sicherheit der Daten, die Sie \u00fcber das Internet an uns \u00fcbertragen, keine Gew\u00e4hrleistung oder Haftung \u00fcbernehmen.<\/p>\n<p>Es gibt keine Garantie daf\u00fcr, dass nicht auf Informationen zugegriffen wird oder dass Informationen nicht offengelegt, ge\u00e4ndert oder infolge der Durchbrechung unserer physischen, technischen und organisatorischen Sicherheitsvorkehrungen zerst\u00f6rt werden.<\/p>\n<p>&nbsp;<\/p>\n<h4><span class=\"stoererbalken\">\u00c4nderung dieser Datenschutzerkl\u00e4rung:<\/span><\/h4>\n<p>Durch die Weiterentwicklung unserer <a title=\"XXXX\" href=\"https:\/\/pixelway.de\/projekt-zahnmedizin\/\" target=\"_blank\" rel=\"noopener noreferrer\">Website<\/a> und Angebote dar\u00fcber oder aufgrund ge\u00e4nderter gesetzlicher beziehungsweise beh\u00f6rdlicher Vorgaben kann es notwendig werden, diese Datenschutzerkl\u00e4rung zu \u00e4ndern.<\/p>\n<\/div>\n<\/div>\n","protected":false},"excerpt":{"rendered":"<p>Praxis f\u00fcr Zahnheilkunde \u2013 Gemeinschaftspraxis J\u00fcrgen Raschdorf und Uwe H\u00fclsen GbR Verantwortlicher: Name und Kontaktdaten des f\u00fcr die Verarbeitung Verantwortlichen sowie des betrieblichen Datenschutzbeauftragten in unserer<span class=\"excerpt-hellip\"> [\u2026]<\/span><\/p>\n","protected":false},"author":1,"featured_media":0,"parent":0,"menu_order":0,"comment_status":"closed","ping_status":"closed","template":"","meta":{"footnotes":""},"class_list":["post-715","page","type-page","status-publish","hentry"],"_links":{"self":[{"href":"https:\/\/pixelway.de\/projekt-zahnmedizin\/wp-json\/wp\/v2\/pages\/715","targetHints":{"allow":["GET"]}}],"collection":[{"href":"https:\/\/pixelway.de\/projekt-zahnmedizin\/wp-json\/wp\/v2\/pages"}],"about":[{"href":"https:\/\/pixelway.de\/projekt-zahnmedizin\/wp-json\/wp\/v2\/types\/page"}],"author":[{"embeddable":true,"href":"https:\/\/pixelway.de\/projekt-zahnmedizin\/wp-json\/wp\/v2\/users\/1"}],"replies":[{"embeddable":true,"href":"https:\/\/pixelway.de\/projekt-zahnmedizin\/wp-json\/wp\/v2\/comments?post=715"}],"version-history":[{"count":12,"href":"https:\/\/pixelway.de\/projekt-zahnmedizin\/wp-json\/wp\/v2\/pages\/715\/revisions"}],"predecessor-version":[{"id":913,"href":"https:\/\/pixelway.de\/projekt-zahnmedizin\/wp-json\/wp\/v2\/pages\/715\/revisions\/913"}],"wp:attachment":[{"href":"https:\/\/pixelway.de\/projekt-zahnmedizin\/wp-json\/wp\/v2\/media?parent=715"}],"curies":[{"name":"wp","href":"https:\/\/api.w.org\/{rel}","templated":true}]}}